{"id":108,"date":"2021-02-23T21:20:51","date_gmt":"2021-02-24T00:20:51","guid":{"rendered":"http:\/\/beritpress.com.br\/?page_id=108"},"modified":"2021-09-30T20:30:18","modified_gmt":"2021-09-30T23:30:18","slug":"quem-somos","status":"publish","type":"page","link":"https:\/\/beritpress.com.br\/index.php\/quem-somos\/","title":{"rendered":"Sobre a Ag\u00eancia"},"content":{"rendered":"\n<p>Quem somos: A Berit Press \u00e9 uma Ag\u00eancia de Comunica\u00e7\u00e3o Integrada, focada em fortalecer a imagem das organiza\u00e7\u00f5es, atrav\u00e9s do desenvolvimento e publica\u00e7\u00e3o de conte\u00fados, em especial a \u00e1rea da sa\u00fade.<\/p>\n\n\n\n<p>&#8211; <strong>Miss\u00e3o<\/strong>: Fortalecemos a imagem da sua organiza\u00e7\u00e3o atrav\u00e9s de solu\u00e7\u00f5es excepcionais de comunica\u00e7\u00e3o<\/p>\n\n\n\n<p>&#8211; <strong>Vis\u00e3o<\/strong>: Ser a empresa de maior credibilidade do mercado em servi\u00e7os de comunica\u00e7\u00e3o, oferecendo as melhores solu\u00e7\u00f5es aos nossos clientes atrav\u00e9s uma alian\u00e7a s\u00f3lida.<\/p>\n\n\n\n<p>&#8211; <strong>Valores<\/strong>:<\/p>\n\n\n\n<ul class=\"wp-block-list\"><li>Respeito ao ser humano e a natureza<\/li><li>Fidelidade aos nossos clientes, parceiros e fornecedores<\/li><li>Dinamismo no trabalho prestado<\/li><li>\u00c9tica presumida pela moral<\/li><li>Conhecimento e qualidade nos servi\u00e7os que oferecemos<\/li><\/ul>\n\n\n\n<figure class=\"wp-block-image size-large is-style-rounded\"><img fetchpriority=\"high\" decoding=\"async\" width=\"1024\" height=\"576\" src=\"http:\/\/beritpress.com.br\/wp-content\/uploads\/2021\/02\/alianca-1024x576.png\" alt=\"\" class=\"wp-image-109\" srcset=\"https:\/\/beritpress.com.br\/wp-content\/uploads\/2021\/02\/alianca-1024x576.png 1024w, https:\/\/beritpress.com.br\/wp-content\/uploads\/2021\/02\/alianca-300x169.png 300w, https:\/\/beritpress.com.br\/wp-content\/uploads\/2021\/02\/alianca-768x432.png 768w, https:\/\/beritpress.com.br\/wp-content\/uploads\/2021\/02\/alianca-1536x864.png 1536w, https:\/\/beritpress.com.br\/wp-content\/uploads\/2021\/02\/alianca-1568x882.png 1568w, https:\/\/beritpress.com.br\/wp-content\/uploads\/2021\/02\/alianca.png 1920w\" sizes=\"(max-width: 1024px) 100vw, 1024px\" \/><\/figure>\n","protected":false},"excerpt":{"rendered":"<p>Quem somos: A Berit Press \u00e9 uma Ag\u00eancia de Comunica\u00e7\u00e3o Integrada, focada em fortalecer a imagem das organiza\u00e7\u00f5es, atrav\u00e9s do desenvolvimento e publica\u00e7\u00e3o de conte\u00fados, em especial a \u00e1rea da sa\u00fade. &#8211; Miss\u00e3o: Fortalecemos a imagem da sua organiza\u00e7\u00e3o atrav\u00e9s de solu\u00e7\u00f5es excepcionais de comunica\u00e7\u00e3o &#8211; Vis\u00e3o: Ser a empresa de maior credibilidade do mercado &hellip; <\/p>\n<p class=\"link-more\"><a href=\"https:\/\/beritpress.com.br\/index.php\/quem-somos\/\" class=\"more-link\">Continue lendo<span class=\"screen-reader-text\"> &#8220;Sobre a Ag\u00eancia&#8221;<\/span><\/a><\/p>\n","protected":false},"author":1,"featured_media":0,"parent":0,"menu_order":0,"comment_status":"closed","ping_status":"closed","template":"","meta":{"footnotes":""},"class_list":["post-108","page","type-page","status-publish","hentry","entry"],"yoast_head":"<!-- This site is optimized with the Yoast SEO plugin v27.3 - https:\/\/yoast.com\/product\/yoast-seo-wordpress\/ -->\n<title>Sobre a Ag\u00eancia - Berit Press<\/title>\n<meta name=\"robots\" content=\"index, follow, max-snippet:-1, max-image-preview:large, max-video-preview:-1\" \/>\n<link rel=\"canonical\" href=\"https:\/\/beritpress.com.br\/index.php\/quem-somos\/\" \/>\n<meta property=\"og:locale\" content=\"pt_BR\" \/>\n<meta property=\"og:type\" content=\"article\" \/>\n<meta property=\"og:title\" content=\"Sobre a Ag\u00eancia - Berit Press\" \/>\n<meta property=\"og:description\" content=\"Quem somos: A Berit Press \u00e9 uma Ag\u00eancia de Comunica\u00e7\u00e3o Integrada, focada em fortalecer a imagem das organiza\u00e7\u00f5es, atrav\u00e9s do desenvolvimento e publica\u00e7\u00e3o de conte\u00fados, em especial a \u00e1rea da sa\u00fade. &#8211; Miss\u00e3o: Fortalecemos a imagem da sua organiza\u00e7\u00e3o atrav\u00e9s de solu\u00e7\u00f5es excepcionais de comunica\u00e7\u00e3o &#8211; Vis\u00e3o: Ser a empresa de maior credibilidade do mercado &hellip; Continue lendo &quot;Sobre a Ag\u00eancia&quot;\" \/>\n<meta property=\"og:url\" content=\"https:\/\/beritpress.com.br\/index.php\/quem-somos\/\" \/>\n<meta property=\"og:site_name\" content=\"Berit Press\" \/>\n<meta property=\"article:publisher\" content=\"https:\/\/www.facebook.com\/beritpress\" \/>\n<meta property=\"article:modified_time\" content=\"2021-09-30T23:30:18+00:00\" \/>\n<meta property=\"og:image\" content=\"http:\/\/beritpress.com.br\/wp-content\/uploads\/2021\/02\/alianca-1024x576.png\" \/>\n<meta name=\"twitter:card\" content=\"summary_large_image\" \/>\n<meta name=\"twitter:site\" content=\"@beritpress\" \/>\n<meta name=\"twitter:label1\" content=\"Est. tempo de leitura\" \/>\n\t<meta name=\"twitter:data1\" content=\"1 minuto\" \/>\n<script type=\"application\/ld+json\" class=\"yoast-schema-graph\">{\"@context\":\"https:\\\/\\\/schema.org\",\"@graph\":[{\"@type\":\"WebPage\",\"@id\":\"https:\\\/\\\/beritpress.com.br\\\/index.php\\\/quem-somos\\\/\",\"url\":\"https:\\\/\\\/beritpress.com.br\\\/index.php\\\/quem-somos\\\/\",\"name\":\"Sobre a Ag\u00eancia - Berit Press\",\"isPartOf\":{\"@id\":\"https:\\\/\\\/beritpress.com.br\\\/#website\"},\"primaryImageOfPage\":{\"@id\":\"https:\\\/\\\/beritpress.com.br\\\/index.php\\\/quem-somos\\\/#primaryimage\"},\"image\":{\"@id\":\"https:\\\/\\\/beritpress.com.br\\\/index.php\\\/quem-somos\\\/#primaryimage\"},\"thumbnailUrl\":\"http:\\\/\\\/beritpress.com.br\\\/wp-content\\\/uploads\\\/2021\\\/02\\\/alianca-1024x576.png\",\"datePublished\":\"2021-02-24T00:20:51+00:00\",\"dateModified\":\"2021-09-30T23:30:18+00:00\",\"breadcrumb\":{\"@id\":\"https:\\\/\\\/beritpress.com.br\\\/index.php\\\/quem-somos\\\/#breadcrumb\"},\"inLanguage\":\"pt-BR\",\"potentialAction\":[{\"@type\":\"ReadAction\",\"target\":[\"https:\\\/\\\/beritpress.com.br\\\/index.php\\\/quem-somos\\\/\"]}]},{\"@type\":\"ImageObject\",\"inLanguage\":\"pt-BR\",\"@id\":\"https:\\\/\\\/beritpress.com.br\\\/index.php\\\/quem-somos\\\/#primaryimage\",\"url\":\"http:\\\/\\\/beritpress.com.br\\\/wp-content\\\/uploads\\\/2021\\\/02\\\/alianca-1024x576.png\",\"contentUrl\":\"http:\\\/\\\/beritpress.com.br\\\/wp-content\\\/uploads\\\/2021\\\/02\\\/alianca-1024x576.png\"},{\"@type\":\"BreadcrumbList\",\"@id\":\"https:\\\/\\\/beritpress.com.br\\\/index.php\\\/quem-somos\\\/#breadcrumb\",\"itemListElement\":[{\"@type\":\"ListItem\",\"position\":1,\"name\":\"In\u00edcio\",\"item\":\"https:\\\/\\\/beritpress.com.br\\\/\"},{\"@type\":\"ListItem\",\"position\":2,\"name\":\"Sobre a Ag\u00eancia\"}]},{\"@type\":\"WebSite\",\"@id\":\"https:\\\/\\\/beritpress.com.br\\\/#website\",\"url\":\"https:\\\/\\\/beritpress.com.br\\\/\",\"name\":\"Berit Press\",\"description\":\"Ag\u00eancia de Comunica\u00e7\u00e3o\",\"publisher\":{\"@id\":\"https:\\\/\\\/beritpress.com.br\\\/#organization\"},\"potentialAction\":[{\"@type\":\"SearchAction\",\"target\":{\"@type\":\"EntryPoint\",\"urlTemplate\":\"https:\\\/\\\/beritpress.com.br\\\/?s={search_term_string}\"},\"query-input\":{\"@type\":\"PropertyValueSpecification\",\"valueRequired\":true,\"valueName\":\"search_term_string\"}}],\"inLanguage\":\"pt-BR\"},{\"@type\":\"Organization\",\"@id\":\"https:\\\/\\\/beritpress.com.br\\\/#organization\",\"name\":\"Berit Press\",\"url\":\"https:\\\/\\\/beritpress.com.br\\\/\",\"logo\":{\"@type\":\"ImageObject\",\"inLanguage\":\"pt-BR\",\"@id\":\"https:\\\/\\\/beritpress.com.br\\\/#\\\/schema\\\/logo\\\/image\\\/\",\"url\":\"https:\\\/\\\/beritpress.com.br\\\/wp-content\\\/uploads\\\/2021\\\/02\\\/cropped-logo-beritpress.png\",\"contentUrl\":\"https:\\\/\\\/beritpress.com.br\\\/wp-content\\\/uploads\\\/2021\\\/02\\\/cropped-logo-beritpress.png\",\"width\":190,\"height\":190,\"caption\":\"Berit Press\"},\"image\":{\"@id\":\"https:\\\/\\\/beritpress.com.br\\\/#\\\/schema\\\/logo\\\/image\\\/\"},\"sameAs\":[\"https:\\\/\\\/www.facebook.com\\\/beritpress\",\"https:\\\/\\\/x.com\\\/beritpress\",\"https:\\\/\\\/www.instagram.com\\\/agenciaberitpress\\\/\",\"https:\\\/\\\/www.youtube.com\\\/channel\\\/UCcTID5ZCQW5Z1fyKgSgzUWw\"]}]}<\/script>\n<!-- \/ Yoast SEO plugin. -->","yoast_head_json":{"title":"Sobre a Ag\u00eancia - Berit Press","robots":{"index":"index","follow":"follow","max-snippet":"max-snippet:-1","max-image-preview":"max-image-preview:large","max-video-preview":"max-video-preview:-1"},"canonical":"https:\/\/beritpress.com.br\/index.php\/quem-somos\/","og_locale":"pt_BR","og_type":"article","og_title":"Sobre a Ag\u00eancia - Berit Press","og_description":"Quem somos: A Berit Press \u00e9 uma Ag\u00eancia de Comunica\u00e7\u00e3o Integrada, focada em fortalecer a imagem das organiza\u00e7\u00f5es, atrav\u00e9s do desenvolvimento e publica\u00e7\u00e3o de conte\u00fados, em especial a \u00e1rea da sa\u00fade. &#8211; Miss\u00e3o: Fortalecemos a imagem da sua organiza\u00e7\u00e3o atrav\u00e9s de solu\u00e7\u00f5es excepcionais de comunica\u00e7\u00e3o &#8211; Vis\u00e3o: Ser a empresa de maior credibilidade do mercado &hellip; Continue lendo \"Sobre a Ag\u00eancia\"","og_url":"https:\/\/beritpress.com.br\/index.php\/quem-somos\/","og_site_name":"Berit Press","article_publisher":"https:\/\/www.facebook.com\/beritpress","article_modified_time":"2021-09-30T23:30:18+00:00","og_image":[{"url":"http:\/\/beritpress.com.br\/wp-content\/uploads\/2021\/02\/alianca-1024x576.png","type":"","width":"","height":""}],"twitter_card":"summary_large_image","twitter_site":"@beritpress","twitter_misc":{"Est. tempo de leitura":"1 minuto"},"schema":{"@context":"https:\/\/schema.org","@graph":[{"@type":"WebPage","@id":"https:\/\/beritpress.com.br\/index.php\/quem-somos\/","url":"https:\/\/beritpress.com.br\/index.php\/quem-somos\/","name":"Sobre a Ag\u00eancia - Berit Press","isPartOf":{"@id":"https:\/\/beritpress.com.br\/#website"},"primaryImageOfPage":{"@id":"https:\/\/beritpress.com.br\/index.php\/quem-somos\/#primaryimage"},"image":{"@id":"https:\/\/beritpress.com.br\/index.php\/quem-somos\/#primaryimage"},"thumbnailUrl":"http:\/\/beritpress.com.br\/wp-content\/uploads\/2021\/02\/alianca-1024x576.png","datePublished":"2021-02-24T00:20:51+00:00","dateModified":"2021-09-30T23:30:18+00:00","breadcrumb":{"@id":"https:\/\/beritpress.com.br\/index.php\/quem-somos\/#breadcrumb"},"inLanguage":"pt-BR","potentialAction":[{"@type":"ReadAction","target":["https:\/\/beritpress.com.br\/index.php\/quem-somos\/"]}]},{"@type":"ImageObject","inLanguage":"pt-BR","@id":"https:\/\/beritpress.com.br\/index.php\/quem-somos\/#primaryimage","url":"http:\/\/beritpress.com.br\/wp-content\/uploads\/2021\/02\/alianca-1024x576.png","contentUrl":"http:\/\/beritpress.com.br\/wp-content\/uploads\/2021\/02\/alianca-1024x576.png"},{"@type":"BreadcrumbList","@id":"https:\/\/beritpress.com.br\/index.php\/quem-somos\/#breadcrumb","itemListElement":[{"@type":"ListItem","position":1,"name":"In\u00edcio","item":"https:\/\/beritpress.com.br\/"},{"@type":"ListItem","position":2,"name":"Sobre a Ag\u00eancia"}]},{"@type":"WebSite","@id":"https:\/\/beritpress.com.br\/#website","url":"https:\/\/beritpress.com.br\/","name":"Berit Press","description":"Ag\u00eancia de Comunica\u00e7\u00e3o","publisher":{"@id":"https:\/\/beritpress.com.br\/#organization"},"potentialAction":[{"@type":"SearchAction","target":{"@type":"EntryPoint","urlTemplate":"https:\/\/beritpress.com.br\/?s={search_term_string}"},"query-input":{"@type":"PropertyValueSpecification","valueRequired":true,"valueName":"search_term_string"}}],"inLanguage":"pt-BR"},{"@type":"Organization","@id":"https:\/\/beritpress.com.br\/#organization","name":"Berit Press","url":"https:\/\/beritpress.com.br\/","logo":{"@type":"ImageObject","inLanguage":"pt-BR","@id":"https:\/\/beritpress.com.br\/#\/schema\/logo\/image\/","url":"https:\/\/beritpress.com.br\/wp-content\/uploads\/2021\/02\/cropped-logo-beritpress.png","contentUrl":"https:\/\/beritpress.com.br\/wp-content\/uploads\/2021\/02\/cropped-logo-beritpress.png","width":190,"height":190,"caption":"Berit Press"},"image":{"@id":"https:\/\/beritpress.com.br\/#\/schema\/logo\/image\/"},"sameAs":["https:\/\/www.facebook.com\/beritpress","https:\/\/x.com\/beritpress","https:\/\/www.instagram.com\/agenciaberitpress\/","https:\/\/www.youtube.com\/channel\/UCcTID5ZCQW5Z1fyKgSgzUWw"]}]}},"_links":{"self":[{"href":"https:\/\/beritpress.com.br\/index.php\/wp-json\/wp\/v2\/pages\/108","targetHints":{"allow":["GET"]}}],"collection":[{"href":"https:\/\/beritpress.com.br\/index.php\/wp-json\/wp\/v2\/pages"}],"about":[{"href":"https:\/\/beritpress.com.br\/index.php\/wp-json\/wp\/v2\/types\/page"}],"author":[{"embeddable":true,"href":"https:\/\/beritpress.com.br\/index.php\/wp-json\/wp\/v2\/users\/1"}],"replies":[{"embeddable":true,"href":"https:\/\/beritpress.com.br\/index.php\/wp-json\/wp\/v2\/comments?post=108"}],"version-history":[{"count":2,"href":"https:\/\/beritpress.com.br\/index.php\/wp-json\/wp\/v2\/pages\/108\/revisions"}],"predecessor-version":[{"id":622,"href":"https:\/\/beritpress.com.br\/index.php\/wp-json\/wp\/v2\/pages\/108\/revisions\/622"}],"wp:attachment":[{"href":"https:\/\/beritpress.com.br\/index.php\/wp-json\/wp\/v2\/media?parent=108"}],"curies":[{"name":"wp","href":"https:\/\/api.w.org\/{rel}","templated":true}]}}