{"id":229,"date":"2021-03-16T13:18:45","date_gmt":"2021-03-16T16:18:45","guid":{"rendered":"http:\/\/beritpress.com.br\/?page_id=229"},"modified":"2021-03-16T13:23:09","modified_gmt":"2021-03-16T16:23:09","slug":"canais-youtube","status":"publish","type":"page","link":"https:\/\/beritpress.com.br\/index.php\/canais-youtube\/","title":{"rendered":"Canais Youtube"},"content":{"rendered":"\t\t<div data-elementor-type=\"wp-page\" data-elementor-id=\"229\" class=\"elementor elementor-229\" data-elementor-post-type=\"page\">\n\t\t\t\t\t\t<section class=\"elementor-section elementor-top-section elementor-element elementor-element-3c5799d elementor-section-boxed elementor-section-height-default elementor-section-height-default\" data-id=\"3c5799d\" data-element_type=\"section\" data-e-type=\"section\">\n\t\t\t\t\t\t<div class=\"elementor-container elementor-column-gap-default\">\n\t\t\t\t\t<div class=\"elementor-column elementor-col-50 elementor-top-column elementor-element elementor-element-fbed99c\" data-id=\"fbed99c\" data-element_type=\"column\" data-e-type=\"column\">\n\t\t\t<div class=\"elementor-widget-wrap elementor-element-populated\">\n\t\t\t\t\t\t<div class=\"elementor-element elementor-element-3616117 elementor-widget elementor-widget-heading\" data-id=\"3616117\" data-element_type=\"widget\" data-e-type=\"widget\" data-widget_type=\"heading.default\">\n\t\t\t\t<div class=\"elementor-widget-container\">\n\t\t\t\t\t<h4 class=\"elementor-heading-title elementor-size-default\">Canal Berit Press<\/h4>\t\t\t\t<\/div>\n\t\t\t\t<\/div>\n\t\t\t\t<div class=\"elementor-element elementor-element-5095c88 elementor-view-default elementor-widget elementor-widget-icon\" data-id=\"5095c88\" data-element_type=\"widget\" data-e-type=\"widget\" data-widget_type=\"icon.default\">\n\t\t\t\t<div class=\"elementor-widget-container\">\n\t\t\t\t\t\t\t<div class=\"elementor-icon-wrapper\">\n\t\t\t<a class=\"elementor-icon\" href=\"https:\/\/www.youtube.com\/channel\/UCcTID5ZCQW5Z1fyKgSgzUWw\">\n\t\t\t<i aria-hidden=\"true\" class=\"fab fa-youtube\"><\/i>\t\t\t<\/a>\n\t\t<\/div>\n\t\t\t\t\t\t<\/div>\n\t\t\t\t<\/div>\n\t\t\t\t\t<\/div>\n\t\t<\/div>\n\t\t\t\t<div class=\"elementor-column elementor-col-50 elementor-top-column elementor-element elementor-element-e9145e5\" data-id=\"e9145e5\" data-element_type=\"column\" data-e-type=\"column\">\n\t\t\t<div class=\"elementor-widget-wrap elementor-element-populated\">\n\t\t\t\t\t\t<div class=\"elementor-element elementor-element-84b6ef8 elementor-widget elementor-widget-heading\" data-id=\"84b6ef8\" data-element_type=\"widget\" data-e-type=\"widget\" data-widget_type=\"heading.default\">\n\t\t\t\t<div class=\"elementor-widget-container\">\n\t\t\t\t\t<h4 class=\"elementor-heading-title elementor-size-default\">Canal Berit Press - Miss\u00e3o<\/h4>\t\t\t\t<\/div>\n\t\t\t\t<\/div>\n\t\t\t\t<div class=\"elementor-element elementor-element-22e2a23 elementor-view-default elementor-widget elementor-widget-icon\" data-id=\"22e2a23\" data-element_type=\"widget\" data-e-type=\"widget\" data-widget_type=\"icon.default\">\n\t\t\t\t<div class=\"elementor-widget-container\">\n\t\t\t\t\t\t\t<div class=\"elementor-icon-wrapper\">\n\t\t\t<a class=\"elementor-icon\" href=\"https:\/\/www.youtube.com\/channel\/UCxjvKUYPLPyNO3_d-A8tGPw\">\n\t\t\t<i aria-hidden=\"true\" class=\"fab fa-youtube-square\"><\/i>\t\t\t<\/a>\n\t\t<\/div>\n\t\t\t\t\t\t<\/div>\n\t\t\t\t<\/div>\n\t\t\t\t\t<\/div>\n\t\t<\/div>\n\t\t\t\t\t<\/div>\n\t\t<\/section>\n\t\t\t\t<\/div>\n\t\t","protected":false},"excerpt":{"rendered":"<p>Canal Berit Press Canal Berit Press &#8211; Miss\u00e3o<\/p>\n","protected":false},"author":1,"featured_media":0,"parent":0,"menu_order":0,"comment_status":"closed","ping_status":"closed","template":"elementor_theme","meta":{"footnotes":""},"class_list":["post-229","page","type-page","status-publish","hentry","entry"],"yoast_head":"<!-- This site is optimized with the Yoast SEO plugin v27.3 - https:\/\/yoast.com\/product\/yoast-seo-wordpress\/ -->\n<title>Canais Youtube - Berit Press<\/title>\n<meta name=\"robots\" content=\"index, follow, max-snippet:-1, max-image-preview:large, max-video-preview:-1\" \/>\n<link rel=\"canonical\" href=\"https:\/\/beritpress.com.br\/index.php\/canais-youtube\/\" \/>\n<meta property=\"og:locale\" content=\"pt_BR\" \/>\n<meta property=\"og:type\" content=\"article\" \/>\n<meta property=\"og:title\" content=\"Canais Youtube - Berit Press\" \/>\n<meta property=\"og:description\" content=\"Canal Berit Press Canal Berit Press &#8211; Miss\u00e3o\" \/>\n<meta property=\"og:url\" content=\"https:\/\/beritpress.com.br\/index.php\/canais-youtube\/\" \/>\n<meta property=\"og:site_name\" content=\"Berit Press\" \/>\n<meta property=\"article:publisher\" content=\"https:\/\/www.facebook.com\/beritpress\" \/>\n<meta property=\"article:modified_time\" content=\"2021-03-16T16:23:09+00:00\" \/>\n<meta name=\"twitter:card\" content=\"summary_large_image\" \/>\n<meta name=\"twitter:site\" content=\"@beritpress\" \/>\n<meta name=\"twitter:label1\" content=\"Est. tempo de leitura\" \/>\n\t<meta name=\"twitter:data1\" content=\"1 minuto\" \/>\n<script type=\"application\/ld+json\" class=\"yoast-schema-graph\">{\"@context\":\"https:\\\/\\\/schema.org\",\"@graph\":[{\"@type\":\"WebPage\",\"@id\":\"https:\\\/\\\/beritpress.com.br\\\/index.php\\\/canais-youtube\\\/\",\"url\":\"https:\\\/\\\/beritpress.com.br\\\/index.php\\\/canais-youtube\\\/\",\"name\":\"Canais Youtube - Berit Press\",\"isPartOf\":{\"@id\":\"https:\\\/\\\/beritpress.com.br\\\/#website\"},\"datePublished\":\"2021-03-16T16:18:45+00:00\",\"dateModified\":\"2021-03-16T16:23:09+00:00\",\"breadcrumb\":{\"@id\":\"https:\\\/\\\/beritpress.com.br\\\/index.php\\\/canais-youtube\\\/#breadcrumb\"},\"inLanguage\":\"pt-BR\",\"potentialAction\":[{\"@type\":\"ReadAction\",\"target\":[\"https:\\\/\\\/beritpress.com.br\\\/index.php\\\/canais-youtube\\\/\"]}]},{\"@type\":\"BreadcrumbList\",\"@id\":\"https:\\\/\\\/beritpress.com.br\\\/index.php\\\/canais-youtube\\\/#breadcrumb\",\"itemListElement\":[{\"@type\":\"ListItem\",\"position\":1,\"name\":\"In\u00edcio\",\"item\":\"https:\\\/\\\/beritpress.com.br\\\/\"},{\"@type\":\"ListItem\",\"position\":2,\"name\":\"Canais Youtube\"}]},{\"@type\":\"WebSite\",\"@id\":\"https:\\\/\\\/beritpress.com.br\\\/#website\",\"url\":\"https:\\\/\\\/beritpress.com.br\\\/\",\"name\":\"Berit Press\",\"description\":\"Ag\u00eancia de Comunica\u00e7\u00e3o\",\"publisher\":{\"@id\":\"https:\\\/\\\/beritpress.com.br\\\/#organization\"},\"potentialAction\":[{\"@type\":\"SearchAction\",\"target\":{\"@type\":\"EntryPoint\",\"urlTemplate\":\"https:\\\/\\\/beritpress.com.br\\\/?s={search_term_string}\"},\"query-input\":{\"@type\":\"PropertyValueSpecification\",\"valueRequired\":true,\"valueName\":\"search_term_string\"}}],\"inLanguage\":\"pt-BR\"},{\"@type\":\"Organization\",\"@id\":\"https:\\\/\\\/beritpress.com.br\\\/#organization\",\"name\":\"Berit Press\",\"url\":\"https:\\\/\\\/beritpress.com.br\\\/\",\"logo\":{\"@type\":\"ImageObject\",\"inLanguage\":\"pt-BR\",\"@id\":\"https:\\\/\\\/beritpress.com.br\\\/#\\\/schema\\\/logo\\\/image\\\/\",\"url\":\"https:\\\/\\\/beritpress.com.br\\\/wp-content\\\/uploads\\\/2021\\\/02\\\/cropped-logo-beritpress.png\",\"contentUrl\":\"https:\\\/\\\/beritpress.com.br\\\/wp-content\\\/uploads\\\/2021\\\/02\\\/cropped-logo-beritpress.png\",\"width\":190,\"height\":190,\"caption\":\"Berit Press\"},\"image\":{\"@id\":\"https:\\\/\\\/beritpress.com.br\\\/#\\\/schema\\\/logo\\\/image\\\/\"},\"sameAs\":[\"https:\\\/\\\/www.facebook.com\\\/beritpress\",\"https:\\\/\\\/x.com\\\/beritpress\",\"https:\\\/\\\/www.instagram.com\\\/agenciaberitpress\\\/\",\"https:\\\/\\\/www.youtube.com\\\/channel\\\/UCcTID5ZCQW5Z1fyKgSgzUWw\"]}]}<\/script>\n<!-- \/ Yoast SEO plugin. -->","yoast_head_json":{"title":"Canais Youtube - Berit Press","robots":{"index":"index","follow":"follow","max-snippet":"max-snippet:-1","max-image-preview":"max-image-preview:large","max-video-preview":"max-video-preview:-1"},"canonical":"https:\/\/beritpress.com.br\/index.php\/canais-youtube\/","og_locale":"pt_BR","og_type":"article","og_title":"Canais Youtube - Berit Press","og_description":"Canal Berit Press Canal Berit Press &#8211; Miss\u00e3o","og_url":"https:\/\/beritpress.com.br\/index.php\/canais-youtube\/","og_site_name":"Berit Press","article_publisher":"https:\/\/www.facebook.com\/beritpress","article_modified_time":"2021-03-16T16:23:09+00:00","twitter_card":"summary_large_image","twitter_site":"@beritpress","twitter_misc":{"Est. tempo de leitura":"1 minuto"},"schema":{"@context":"https:\/\/schema.org","@graph":[{"@type":"WebPage","@id":"https:\/\/beritpress.com.br\/index.php\/canais-youtube\/","url":"https:\/\/beritpress.com.br\/index.php\/canais-youtube\/","name":"Canais Youtube - Berit Press","isPartOf":{"@id":"https:\/\/beritpress.com.br\/#website"},"datePublished":"2021-03-16T16:18:45+00:00","dateModified":"2021-03-16T16:23:09+00:00","breadcrumb":{"@id":"https:\/\/beritpress.com.br\/index.php\/canais-youtube\/#breadcrumb"},"inLanguage":"pt-BR","potentialAction":[{"@type":"ReadAction","target":["https:\/\/beritpress.com.br\/index.php\/canais-youtube\/"]}]},{"@type":"BreadcrumbList","@id":"https:\/\/beritpress.com.br\/index.php\/canais-youtube\/#breadcrumb","itemListElement":[{"@type":"ListItem","position":1,"name":"In\u00edcio","item":"https:\/\/beritpress.com.br\/"},{"@type":"ListItem","position":2,"name":"Canais Youtube"}]},{"@type":"WebSite","@id":"https:\/\/beritpress.com.br\/#website","url":"https:\/\/beritpress.com.br\/","name":"Berit Press","description":"Ag\u00eancia de Comunica\u00e7\u00e3o","publisher":{"@id":"https:\/\/beritpress.com.br\/#organization"},"potentialAction":[{"@type":"SearchAction","target":{"@type":"EntryPoint","urlTemplate":"https:\/\/beritpress.com.br\/?s={search_term_string}"},"query-input":{"@type":"PropertyValueSpecification","valueRequired":true,"valueName":"search_term_string"}}],"inLanguage":"pt-BR"},{"@type":"Organization","@id":"https:\/\/beritpress.com.br\/#organization","name":"Berit Press","url":"https:\/\/beritpress.com.br\/","logo":{"@type":"ImageObject","inLanguage":"pt-BR","@id":"https:\/\/beritpress.com.br\/#\/schema\/logo\/image\/","url":"https:\/\/beritpress.com.br\/wp-content\/uploads\/2021\/02\/cropped-logo-beritpress.png","contentUrl":"https:\/\/beritpress.com.br\/wp-content\/uploads\/2021\/02\/cropped-logo-beritpress.png","width":190,"height":190,"caption":"Berit Press"},"image":{"@id":"https:\/\/beritpress.com.br\/#\/schema\/logo\/image\/"},"sameAs":["https:\/\/www.facebook.com\/beritpress","https:\/\/x.com\/beritpress","https:\/\/www.instagram.com\/agenciaberitpress\/","https:\/\/www.youtube.com\/channel\/UCcTID5ZCQW5Z1fyKgSgzUWw"]}]}},"_links":{"self":[{"href":"https:\/\/beritpress.com.br\/index.php\/wp-json\/wp\/v2\/pages\/229","targetHints":{"allow":["GET"]}}],"collection":[{"href":"https:\/\/beritpress.com.br\/index.php\/wp-json\/wp\/v2\/pages"}],"about":[{"href":"https:\/\/beritpress.com.br\/index.php\/wp-json\/wp\/v2\/types\/page"}],"author":[{"embeddable":true,"href":"https:\/\/beritpress.com.br\/index.php\/wp-json\/wp\/v2\/users\/1"}],"replies":[{"embeddable":true,"href":"https:\/\/beritpress.com.br\/index.php\/wp-json\/wp\/v2\/comments?post=229"}],"version-history":[{"count":7,"href":"https:\/\/beritpress.com.br\/index.php\/wp-json\/wp\/v2\/pages\/229\/revisions"}],"predecessor-version":[{"id":236,"href":"https:\/\/beritpress.com.br\/index.php\/wp-json\/wp\/v2\/pages\/229\/revisions\/236"}],"wp:attachment":[{"href":"https:\/\/beritpress.com.br\/index.php\/wp-json\/wp\/v2\/media?parent=229"}],"curies":[{"name":"wp","href":"https:\/\/api.w.org\/{rel}","templated":true}]}}